{"id":360,"date":"2020-09-23T11:14:08","date_gmt":"2020-09-23T09:14:08","guid":{"rendered":"https:\/\/sites.aopc.com\/recover\/physiotherapy-copy-5\/"},"modified":"2022-05-31T09:41:51","modified_gmt":"2022-05-31T07:41:51","slug":"massage-therapy","status":"publish","type":"page","link":"https:\/\/sites.aopc.com\/recover\/massage-therapy\/","title":{"rendered":"Massagetherapie"},"content":{"rendered":"\t\t<div data-elementor-type=\"wp-page\" data-elementor-id=\"360\" class=\"elementor elementor-360\">\n\t\t\t\t\t\t\t\t\t<section class=\"elementor-section elementor-top-section elementor-element elementor-element-11fbd714 elementor-section-full_width elementor-section-height-default elementor-section-height-default\" data-id=\"11fbd714\" data-element_type=\"section\">\n\t\t\t\t\t\t<div class=\"elementor-container elementor-column-gap-no\">\n\t\t\t\t\t<div class=\"elementor-column elementor-col-100 elementor-top-column elementor-element elementor-element-4caa3b3c\" data-id=\"4caa3b3c\" data-element_type=\"column\">\n\t\t\t<div class=\"elementor-widget-wrap elementor-element-populated\">\n\t\t\t\t\t\t\t\t<div class=\"elementor-element elementor-element-258b36c elementor-widget elementor-widget-resox_service_single\" data-id=\"258b36c\" data-element_type=\"widget\" data-widget_type=\"resox_service_single.default\">\n\t\t\t\t<div class=\"elementor-widget-container\">\n\t\t\t<div class=\"service-details-content\">\n\t<div class=\"content-one\">\n\t\t\t\t<div class=\"text\">\n\t\t\t<!-- Title -->\n\t\t\t<h4 class=\"typo-title-text\">\n\t\t\t\tMassagetherapie\t\t\t<\/h4>\n\t\t\t<!-- Title -->\n\n\t\t\t<!-- content -->\n\t\t\t<p class=\"typo-content-text\">Die am h\u00e4ufigsten angewendete Art der Massage ist die klassische Massage. Durch die klassische Massage werden Verspannungen gel\u00f6st und die Durchblutung gef\u00f6rdert. <\/p>\n\t\t\t<p class=\"typo-content-text\">Die klassische Massage wirkt positiv auf das Immunsyste, die Beweglichkeit und lindert Schmerzen. <\/p>\n\t\t\t<!-- content -->\n\n\n\t\t<\/div>\n\t<\/div>\n<\/div>\n\t\t\t\t<\/div>\n\t\t\t\t<\/div>\n\t\t\t\t<div class=\"elementor-element elementor-element-dce7bbf elementor-widget elementor-widget-resox_service_single\" data-id=\"dce7bbf\" data-element_type=\"widget\" data-widget_type=\"resox_service_single.layout_2\">\n\t\t\t\t<div class=\"elementor-widget-container\">\n\t\t\t\n<!-- service-page-section -->\n<div class=\"service-details-content\">\n\t<div class=\"two-column\">\n\t\t<div class=\"row clearfix\">\n\t\t\t\t\t\t<div class=\"col-lg-6 col-md-6 col-sm-12 image-column\">\n\t\t\t\t<figure class=\"image-box\"><img decoding=\"async\" src=\"https:\/\/sites.aopc.com\/recover\/wp-content\/uploads\/2022\/05\/pexels-koolshooters-6628602__370x370.jpg\" loading=\"lazy\" alt=\"team image\"\/><\/figure>\n\t\t\t<\/div>\n\t\t\t\t\t\t<div class=\"col-lg-6 col-md-6 col-sm-12 text-column\">\n\t\t\t\t<div class=\"text\">\n\t\t\t\t\t<!-- Title -->\n\t\t\t\t\t<h3 class=\"typo-title-text\">\n\t\t\t\t\t\tMassage als mentale und psychische St\u00e4rkung\t\t\t\t\t<\/h3>\n\t\t\t\t\t<!-- Title -->\n\t\t\t\t\t<h4 class=\"typo-content-text\">Qualit\u00e4t und aktuelle Therapien sind der Schl\u00fcssel zum Erfolg. Bei uns erwartet Sie ein qualifiziertes Team.<\/h4>\n\t\t\t\t\t <ul class=\"list-item clearfix\">\n                                                <li>Klassische Massage<\/li>\n                                                <li>Lymphdrainage<\/li>\n                                                <li>Muskelreflexzonenmassage<\/li>\n                                                <li>Periostmassage<\/li>\n                                            <\/ul>\t\t\t\t<\/div>\n\t\t\t<\/div>\n\t\t<\/div>\n\t<\/div>\n<\/div>\n<!-- service-page-section end -->\n\t\t\t\t<\/div>\n\t\t\t\t<\/div>\n\t\t\t\t<div class=\"elementor-element elementor-element-3f3dbb71 elementor-widget elementor-widget-resox_faq\" data-id=\"3f3dbb71\" data-element_type=\"widget\" data-widget_type=\"resox_faq.default\">\n\t\t\t\t<div class=\"elementor-widget-container\">\n\t\t\t\t\t\t\t\t\t\t\t<div class=\"service-details-content\">\n\t\t\t\t\t\t\t<div class=\"accordion-inner\"> \t\t\t\t\t\t\t\t<ul class=\"accordion-box\">\n\t\t\t\t\t\t\t\t\t\t\t\t\t\t\t\t\t\t<li class=\"accordion block \n\t\t\t\t\t\t\t\t\t\tactive-block\t\t\t  \">\n\t\t\t\t\t\t\t\t\t\t<div class=\"acc-btn \n\t\t\t\t\t\t\t\t\t\tactive\t\t\t\">\n\t\t\t\t\t\t\t\t\t\t\t<div class=\"icon-outer\"><i class=\"far fa-angle-up\"><\/i><\/div>\n\t\t\t\t\t\t\t\t\t\t\t<h5>Wir lindern Ihre Schmerzen<\/h5>\n\t\t\t\t\t\t\t\t\t\t<\/div>\n\t\t\t\t\t\t\t\t\t\t<div class=\"acc-content \n\t\t\t\t\t\t\t\t\t\tcurrent\t\t\t\t\t\t\t\t\t\t\t\t\t\t\">\n\t\t\t\t\t\t\t\t\t\t\t<div class=\"text\">\n\t\t\t\t\t\t\t\t\t\t\t\t<p>Mit der klassischen  Massage lindern Sie Schmerzen und beugen auch mentalen Erkrankungen vor<\/p>\n\t\t\t\t\t\t\t\t\t\t\t<\/div>\n\t\t\t\t\t\t\t\t\t\t<\/div>\n\t\t\t\t\t\t\t\t\t<\/li>\n\t\t\t\t\t\t\t\t\t\t\t\t\t\t\t\t\t\t\t<li class=\"accordion block \n\t\t\t\t\t\t\t\t\t\t\t\t\t  \">\n\t\t\t\t\t\t\t\t\t\t<div class=\"acc-btn \n\t\t\t\t\t\t\t\t\t\t\t\t\t\">\n\t\t\t\t\t\t\t\t\t\t\t<div class=\"icon-outer\"><i class=\"far fa-angle-up\"><\/i><\/div>\n\t\t\t\t\t\t\t\t\t\t\t<h5>Wir verbessern Ihr K\u00f6rpergef\u00fchl<\/h5>\n\t\t\t\t\t\t\t\t\t\t<\/div>\n\t\t\t\t\t\t\t\t\t\t<div class=\"acc-content \n\t\t\t\t\t\t\t\t\t\t\t\t\t\t\t\t\t\t\t\t\t\t\t\t\">\n\t\t\t\t\t\t\t\t\t\t\t<div class=\"text\">\n\t\t\t\t\t\t\t\t\t\t\t\t<p>Mit der klassischen Massage steigert sich Ihr Wohlbefinden und verbessert sich die Wahrnehmung Ihres K\u00f6rpers.<\/p>\n\t\t\t\t\t\t\t\t\t\t\t<\/div>\n\t\t\t\t\t\t\t\t\t\t<\/div>\n\t\t\t\t\t\t\t\t\t<\/li>\n\t\t\t\t\t\t\t\t\t\t\t\t\t\t\t\t\t\t\t<li class=\"accordion block \n\t\t\t\t\t\t\t\t\t\t\t\t\t  \">\n\t\t\t\t\t\t\t\t\t\t<div class=\"acc-btn \n\t\t\t\t\t\t\t\t\t\t\t\t\t\">\n\t\t\t\t\t\t\t\t\t\t\t<div class=\"icon-outer\"><i class=\"far fa-angle-up\"><\/i><\/div>\n\t\t\t\t\t\t\t\t\t\t\t<h5>Sch\u00fctzen Sie sich vor Verspannungen<\/h5>\n\t\t\t\t\t\t\t\t\t\t<\/div>\n\t\t\t\t\t\t\t\t\t\t<div class=\"acc-content \n\t\t\t\t\t\t\t\t\t\t\t\t\t\t\t\t\t\t\t\t\t\t\t\t\">\n\t\t\t\t\t\t\t\t\t\t\t<div class=\"text\">\n\t\t\t\t\t\t\t\t\t\t\t\t<p>Mit der klassischen Massage k\u00f6nnen Sie sich vor klassischen Erkrankungen wie dem \"Hexenschuss\" sch\u00fctzen oder Entz\u00fcndungen im Lendenwirbelbereich vorbeugen.<\/p>\n\t\t\t\t\t\t\t\t\t\t\t<\/div>\n\t\t\t\t\t\t\t\t\t\t<\/div>\n\t\t\t\t\t\t\t\t\t<\/li>\n\t\t\t\t\t\t\t\t\t\t\t\t\t\t\t\t\t\t<\/ul>\n\n\t\t\t\t\t\t\t\t\t\t\t\t\t\t\t<\/div>\n\t\t\t\t\t\t<\/div> \t\t\t\t<\/div>\n\t\t\t\t<\/div>\n\t\t\t\t<div class=\"elementor-element elementor-element-53c28448 elementor-widget elementor-widget-resox_service_single\" data-id=\"53c28448\" data-element_type=\"widget\" data-widget_type=\"resox_service_single.layout_3\">\n\t\t\t\t<div class=\"elementor-widget-container\">\n\t\t\t\n<!-- service-page-section -->\n<div class=\"service-details-content\">\n\t<div class=\"content-two\">\n\t\t<div class=\"text\">\n\t\t\t<!-- Title -->\n\t\t\t<h4 class=\"typo-title-text\">\n\t\t\t\tUnsere Vorteile\t\t\t<\/h4>\n\t\t\t<!-- Title -->\n\t\t\t<p class=\"typo-content-text\">Spezialisierte Fachkr\u00e4fte, die immer auf dem  neuesten Stand der Massagetherapie sind.<\/p>\n\t\t<\/div>\n\t\t<div class=\"inner-box\" \n\t\t>\n\t\t\t<ul class=\"list-item clearfix\">\n\t\t\t\t\t\t\t\t<li>Lymphdrainage<\/li>\n\t\t\t\t\t\t\t\t\t<li>Bindegewebsmassage<\/li>\n\t\t\t\t\t\t\t\t\t<li>Kolonmassage<\/li>\n\t\t\t\t\t\t\t\t\t<li>Muskelreflexzonenmassage<\/li>\n\t\t\t\t\t\t\t\t<\/ul>\n\t\t<\/div>\n\t\t<div class=\"text\">\n\t\t\t<p class=\"typo-content-text\"><span>Durch unser breites Massagespektrum<\/span> und und die st\u00e4ndige Fortbildung, sind wir immer in der Lage, die Therapie ganz auf Ihrer individuellen Bed\u00fcrfnisse abzustimmen. <\/p>\n\t\t<\/div>\n\t<\/div>\n<\/div>\n\n\n<!-- service-page-section end -->\n\t\t\t\t<\/div>\n\t\t\t\t<\/div>\n\t\t\t\t\t<\/div>\n\t\t<\/div>\n\t\t\t\t\t\t\t<\/div>\n\t\t<\/section>\n\t\t\t\t\t\t\t<\/div>\n\t\t","protected":false},"excerpt":{"rendered":"<p>Massagetherapie Die am h\u00e4ufigsten angewendete Art der Massage ist die klassische Massage. Durch die klassische Massage werden Verspannungen gel\u00f6st und die Durchblutung gef\u00f6rdert. Die klassische Massage wirkt positiv auf das Immunsyste, die Beweglichkeit und lindert Schmerzen. Massage als mentale und psychische St\u00e4rkung Qualit\u00e4t und aktuelle Therapien sind der Schl\u00fcssel zum Erfolg. Bei uns erwartet Sie [&hellip;]<\/p>\n","protected":false},"author":1,"featured_media":293,"parent":0,"menu_order":0,"comment_status":"closed","ping_status":"closed","template":"","meta":{"footnotes":""},"class_list":["post-360","page","type-page","status-publish","has-post-thumbnail","hentry"],"_links":{"self":[{"href":"https:\/\/sites.aopc.com\/recover\/wp-json\/wp\/v2\/pages\/360","targetHints":{"allow":["GET"]}}],"collection":[{"href":"https:\/\/sites.aopc.com\/recover\/wp-json\/wp\/v2\/pages"}],"about":[{"href":"https:\/\/sites.aopc.com\/recover\/wp-json\/wp\/v2\/types\/page"}],"author":[{"embeddable":true,"href":"https:\/\/sites.aopc.com\/recover\/wp-json\/wp\/v2\/users\/1"}],"replies":[{"embeddable":true,"href":"https:\/\/sites.aopc.com\/recover\/wp-json\/wp\/v2\/comments?post=360"}],"version-history":[{"count":35,"href":"https:\/\/sites.aopc.com\/recover\/wp-json\/wp\/v2\/pages\/360\/revisions"}],"predecessor-version":[{"id":1507,"href":"https:\/\/sites.aopc.com\/recover\/wp-json\/wp\/v2\/pages\/360\/revisions\/1507"}],"wp:featuredmedia":[{"embeddable":true,"href":"https:\/\/sites.aopc.com\/recover\/wp-json\/wp\/v2\/media\/293"}],"wp:attachment":[{"href":"https:\/\/sites.aopc.com\/recover\/wp-json\/wp\/v2\/media?parent=360"}],"curies":[{"name":"wp","href":"https:\/\/api.w.org\/{rel}","templated":true}]}}