{"id":354,"date":"2020-09-23T11:12:54","date_gmt":"2020-09-23T09:12:54","guid":{"rendered":"https:\/\/sites.aopc.com\/recover\/physiotherapy-copy-2\/"},"modified":"2022-05-31T09:41:09","modified_gmt":"2022-05-31T07:41:09","slug":"clinical-pilates","status":"publish","type":"page","link":"https:\/\/sites.aopc.com\/recover\/clinical-pilates\/","title":{"rendered":"Klinisches Pilatestraining"},"content":{"rendered":"\t\t<div data-elementor-type=\"wp-page\" data-elementor-id=\"354\" class=\"elementor elementor-354\">\n\t\t\t\t\t\t\t\t\t<section class=\"elementor-section elementor-top-section elementor-element elementor-element-11fbd714 elementor-section-full_width elementor-section-height-default elementor-section-height-default\" data-id=\"11fbd714\" data-element_type=\"section\">\n\t\t\t\t\t\t<div class=\"elementor-container elementor-column-gap-no\">\n\t\t\t\t\t<div class=\"elementor-column elementor-col-100 elementor-top-column elementor-element elementor-element-4caa3b3c\" data-id=\"4caa3b3c\" data-element_type=\"column\">\n\t\t\t<div class=\"elementor-widget-wrap elementor-element-populated\">\n\t\t\t\t\t\t\t\t<div class=\"elementor-element elementor-element-258b36c elementor-widget elementor-widget-resox_service_single\" data-id=\"258b36c\" data-element_type=\"widget\" data-widget_type=\"resox_service_single.default\">\n\t\t\t\t<div class=\"elementor-widget-container\">\n\t\t\t<div class=\"service-details-content\">\n\t<div class=\"content-one\">\n\t\t\t\t<div class=\"text\">\n\t\t\t<!-- Title -->\n\t\t\t<h4 class=\"typo-title-text\">\n\t\t\t\tKlinisches Pilatestraining\t\t\t<\/h4>\n\t\t\t<!-- Title -->\n\n\t\t\t<!-- content -->\n\t\t\t<p class=\"typo-content-text\">Das klinische Pilatestraining eignet sich hervorragend f\u00fcr die Rehabilitation und f\u00fcr die Vorbeugung. Unsere Therapeuten verf\u00fcgen \u00fcber eine fundierte Ausbildung und hochwertiges Wissen.<\/p>\n\t\t\t<p class=\"typo-content-text\">Zudem haben wir verschiedene Kooperationsformen mit Partnerpraxen, Krankenkassen und Krankenh\u00e4usern.<\/p>\n\t\t\t<!-- content -->\n\n\n\t\t<\/div>\n\t<\/div>\n<\/div>\n\t\t\t\t<\/div>\n\t\t\t\t<\/div>\n\t\t\t\t<div class=\"elementor-element elementor-element-dce7bbf elementor-widget elementor-widget-resox_service_single\" data-id=\"dce7bbf\" data-element_type=\"widget\" data-widget_type=\"resox_service_single.layout_2\">\n\t\t\t\t<div class=\"elementor-widget-container\">\n\t\t\t\n<!-- service-page-section -->\n<div class=\"service-details-content\">\n\t<div class=\"two-column\">\n\t\t<div class=\"row clearfix\">\n\t\t\t\t\t\t<div class=\"col-lg-6 col-md-6 col-sm-12 image-column\">\n\t\t\t\t<figure class=\"image-box\"><img decoding=\"async\" src=\"https:\/\/sites.aopc.com\/recover\/wp-content\/uploads\/2022\/05\/pexels-burst-374101_370x370-1.jpg\" loading=\"lazy\" alt=\"team image\"\/><\/figure>\n\t\t\t<\/div>\n\t\t\t\t\t\t<div class=\"col-lg-6 col-md-6 col-sm-12 text-column\">\n\t\t\t\t<div class=\"text\">\n\t\t\t\t\t<!-- Title -->\n\t\t\t\t\t<h3 class=\"typo-title-text\">\n\t\t\t\t\t\tKlinisches Pilates in der Praxis\t\t\t\t\t<\/h3>\n\t\t\t\t\t<!-- Title -->\n\t\t\t\t\t<h4 class=\"typo-content-text\">Klinisches Pilatestraining dient der Behandlung verschiedener Erkrankungen der Wirbels\u00e4ule.<\/h4>\n\t\t\t\t\t <ul class=\"list-item clearfix\">\n                                                <li>Gezielte Kr\u00e4ftigung der LWS- und Beckenstabilit\u00e4t<\/li>\n                                                <li>Kr\u00e4ftigung der Bauch- und R\u00fcckenmuskulatur<\/li>\n                                                <li>Spezielle \u00dcbung mit dem Theraband<\/li>\n                                                <li>Sinnvolle Erg\u00e4nzung verschiedenster Therapiearten.<\/li>\n                                            <\/ul>\t\t\t\t<\/div>\n\t\t\t<\/div>\n\t\t<\/div>\n\t<\/div>\n<\/div>\n<!-- service-page-section end -->\n\t\t\t\t<\/div>\n\t\t\t\t<\/div>\n\t\t\t\t<div class=\"elementor-element elementor-element-3f3dbb71 elementor-widget elementor-widget-resox_faq\" data-id=\"3f3dbb71\" data-element_type=\"widget\" data-widget_type=\"resox_faq.default\">\n\t\t\t\t<div class=\"elementor-widget-container\">\n\t\t\t\t\t\t\t\t\t\t\t<div class=\"service-details-content\">\n\t\t\t\t\t\t\t<div class=\"accordion-inner\"> \t\t\t\t\t\t\t\t<ul class=\"accordion-box\">\n\t\t\t\t\t\t\t\t\t\t\t\t\t\t\t\t\t\t<li class=\"accordion block \n\t\t\t\t\t\t\t\t\t\tactive-block\t\t\t  \">\n\t\t\t\t\t\t\t\t\t\t<div class=\"acc-btn \n\t\t\t\t\t\t\t\t\t\tactive\t\t\t\">\n\t\t\t\t\t\t\t\t\t\t\t<div class=\"icon-outer\"><i class=\"far fa-angle-up\"><\/i><\/div>\n\t\t\t\t\t\t\t\t\t\t\t<h5>Kiinisches Pilates unterst\u00fctzt die Therapie<\/h5>\n\t\t\t\t\t\t\t\t\t\t<\/div>\n\t\t\t\t\t\t\t\t\t\t<div class=\"acc-content \n\t\t\t\t\t\t\t\t\t\tcurrent\t\t\t\t\t\t\t\t\t\t\t\t\t\t\">\n\t\t\t\t\t\t\t\t\t\t\t<div class=\"text\">\n\t\t\t\t\t\t\t\t\t\t\t\t<p>Betreuung durch Fachpersonal aus Klinik und Pflegebereich.<\/p>\n\t\t\t\t\t\t\t\t\t\t\t<\/div>\n\t\t\t\t\t\t\t\t\t\t<\/div>\n\t\t\t\t\t\t\t\t\t<\/li>\n\t\t\t\t\t\t\t\t\t\t\t\t\t\t\t\t\t\t\t<li class=\"accordion block \n\t\t\t\t\t\t\t\t\t\t\t\t\t  \">\n\t\t\t\t\t\t\t\t\t\t<div class=\"acc-btn \n\t\t\t\t\t\t\t\t\t\t\t\t\t\">\n\t\t\t\t\t\t\t\t\t\t\t<div class=\"icon-outer\"><i class=\"far fa-angle-up\"><\/i><\/div>\n\t\t\t\t\t\t\t\t\t\t\t<h5>Rehabilitation<\/h5>\n\t\t\t\t\t\t\t\t\t\t<\/div>\n\t\t\t\t\t\t\t\t\t\t<div class=\"acc-content \n\t\t\t\t\t\t\t\t\t\t\t\t\t\t\t\t\t\t\t\t\t\t\t\t\">\n\t\t\t\t\t\t\t\t\t\t\t<div class=\"text\">\n\t\t\t\t\t\t\t\t\t\t\t\t<p>Reha-\u00dcbungen auf Stuhl und Liege<\/p>\n\t\t\t\t\t\t\t\t\t\t\t<\/div>\n\t\t\t\t\t\t\t\t\t\t<\/div>\n\t\t\t\t\t\t\t\t\t<\/li>\n\t\t\t\t\t\t\t\t\t\t\t\t\t\t\t\t\t\t\t<li class=\"accordion block \n\t\t\t\t\t\t\t\t\t\t\t\t\t  \">\n\t\t\t\t\t\t\t\t\t\t<div class=\"acc-btn \n\t\t\t\t\t\t\t\t\t\t\t\t\t\">\n\t\t\t\t\t\t\t\t\t\t\t<div class=\"icon-outer\"><i class=\"far fa-angle-up\"><\/i><\/div>\n\t\t\t\t\t\t\t\t\t\t\t<h5>Training der Sensomotorik<\/h5>\n\t\t\t\t\t\t\t\t\t\t<\/div>\n\t\t\t\t\t\t\t\t\t\t<div class=\"acc-content \n\t\t\t\t\t\t\t\t\t\t\t\t\t\t\t\t\t\t\t\t\t\t\t\t\">\n\t\t\t\t\t\t\t\t\t\t\t<div class=\"text\">\n\t\t\t\t\t\t\t\t\t\t\t\t<p>Instabile Unterlage, um die umliegende Muskulatur zu kr\u00e4ftigen. <\/p>\n\t\t\t\t\t\t\t\t\t\t\t<\/div>\n\t\t\t\t\t\t\t\t\t\t<\/div>\n\t\t\t\t\t\t\t\t\t<\/li>\n\t\t\t\t\t\t\t\t\t\t\t\t\t\t\t\t\t\t<\/ul>\n\n\t\t\t\t\t\t\t\t\t\t\t\t\t\t\t<\/div>\n\t\t\t\t\t\t<\/div> \t\t\t\t<\/div>\n\t\t\t\t<\/div>\n\t\t\t\t<div class=\"elementor-element elementor-element-53c28448 elementor-widget elementor-widget-resox_service_single\" data-id=\"53c28448\" data-element_type=\"widget\" data-widget_type=\"resox_service_single.layout_3\">\n\t\t\t\t<div class=\"elementor-widget-container\">\n\t\t\t\n<!-- service-page-section -->\n<div class=\"service-details-content\">\n\t<div class=\"content-two\">\n\t\t<div class=\"text\">\n\t\t\t<!-- Title -->\n\t\t\t<h4 class=\"typo-title-text\">\n\t\t\t\tUnsere Vorteile\t\t\t<\/h4>\n\t\t\t<!-- Title -->\n\t\t\t<p class=\"typo-content-text\">Ausgebildeter Wissensstand zu Therapieformen und Rehabilit\u00e4tion. Unsere Therapeuten sind zertifiziert und bilden sich bei einem anerkannte Spezialisten weiter. <\/p>\n\t\t<\/div>\n\t\t<div class=\"inner-box\" \n\t\t>\n\t\t\t<ul class=\"list-item clearfix\">\n\t\t\t\t\t\t\t\t<li>Arbeiten mit dem Theraband<\/li>\n\t\t\t\t\t\t\t\t\t<li>Intensives Faszientraining<\/li>\n\t\t\t\t\t\t\t\t\t<li>Training mit dem Overball<\/li>\n\t\t\t\t\t\t\t\t\t<li>Reha- und Pr\u00e4ventions-Training mit dem Swiss Ball<\/li>\n\t\t\t\t\t\t\t\t<\/ul>\n\t\t<\/div>\n\t\t<div class=\"text\">\n\t\t\t<p class=\"typo-content-text\">Wir bieten Ihnen eine strukturierte Therapie, die auf diverse Krankheitsbilder angewendet werden kann. Unser Hauptaugenmerk liegt auf Rehabilitation und Vorbeugung sowie der Verbesserung der Beweglichkeit.<\/p>\n\t\t<\/div>\n\t<\/div>\n<\/div>\n\n\n<!-- service-page-section end -->\n\t\t\t\t<\/div>\n\t\t\t\t<\/div>\n\t\t\t\t\t<\/div>\n\t\t<\/div>\n\t\t\t\t\t\t\t<\/div>\n\t\t<\/section>\n\t\t\t\t\t\t\t<\/div>\n\t\t","protected":false},"excerpt":{"rendered":"<p>Klinisches Pilatestraining Das klinische Pilatestraining eignet sich hervorragend f\u00fcr die Rehabilitation und f\u00fcr die Vorbeugung. Unsere Therapeuten verf\u00fcgen \u00fcber eine fundierte Ausbildung und hochwertiges Wissen. Zudem haben wir verschiedene Kooperationsformen mit Partnerpraxen, Krankenkassen und Krankenh\u00e4usern. Klinisches Pilates in der Praxis Klinisches Pilatestraining dient der Behandlung verschiedener Erkrankungen der Wirbels\u00e4ule. Gezielte Kr\u00e4ftigung der LWS- und Beckenstabilit\u00e4t [&hellip;]<\/p>\n","protected":false},"author":1,"featured_media":293,"parent":0,"menu_order":0,"comment_status":"closed","ping_status":"closed","template":"","meta":{"footnotes":""},"class_list":["post-354","page","type-page","status-publish","has-post-thumbnail","hentry"],"_links":{"self":[{"href":"https:\/\/sites.aopc.com\/recover\/wp-json\/wp\/v2\/pages\/354","targetHints":{"allow":["GET"]}}],"collection":[{"href":"https:\/\/sites.aopc.com\/recover\/wp-json\/wp\/v2\/pages"}],"about":[{"href":"https:\/\/sites.aopc.com\/recover\/wp-json\/wp\/v2\/types\/page"}],"author":[{"embeddable":true,"href":"https:\/\/sites.aopc.com\/recover\/wp-json\/wp\/v2\/users\/1"}],"replies":[{"embeddable":true,"href":"https:\/\/sites.aopc.com\/recover\/wp-json\/wp\/v2\/comments?post=354"}],"version-history":[{"count":50,"href":"https:\/\/sites.aopc.com\/recover\/wp-json\/wp\/v2\/pages\/354\/revisions"}],"predecessor-version":[{"id":1504,"href":"https:\/\/sites.aopc.com\/recover\/wp-json\/wp\/v2\/pages\/354\/revisions\/1504"}],"wp:featuredmedia":[{"embeddable":true,"href":"https:\/\/sites.aopc.com\/recover\/wp-json\/wp\/v2\/media\/293"}],"wp:attachment":[{"href":"https:\/\/sites.aopc.com\/recover\/wp-json\/wp\/v2\/media?parent=354"}],"curies":[{"name":"wp","href":"https:\/\/api.w.org\/{rel}","templated":true}]}}