{"id":233,"date":"2020-09-23T05:21:47","date_gmt":"2020-09-23T03:21:47","guid":{"rendered":"https:\/\/sites.aopc.com\/recover\/?page_id=233"},"modified":"2022-05-30T17:03:33","modified_gmt":"2022-05-30T15:03:33","slug":"leistungen","status":"publish","type":"page","link":"https:\/\/sites.aopc.com\/recover\/leistungen\/","title":{"rendered":"Leistungen"},"content":{"rendered":"\t\t<div data-elementor-type=\"wp-page\" data-elementor-id=\"233\" class=\"elementor elementor-233\">\n\t\t\t\t\t\t\t\t\t<section class=\"elementor-section elementor-top-section elementor-element elementor-element-85f75b1 elementor-section-full_width elementor-section-height-default elementor-section-height-default\" data-id=\"85f75b1\" data-element_type=\"section\">\n\t\t\t\t\t\t<div class=\"elementor-container elementor-column-gap-no\">\n\t\t\t\t\t<div class=\"elementor-column elementor-col-100 elementor-top-column elementor-element elementor-element-473ac30\" data-id=\"473ac30\" data-element_type=\"column\">\n\t\t\t<div class=\"elementor-widget-wrap elementor-element-populated\">\n\t\t\t\t\t\t\t\t<div class=\"elementor-element elementor-element-5bee8b3 elementor-widget elementor-widget-resox_service\" data-id=\"5bee8b3\" data-element_type=\"widget\" data-widget_type=\"resox_service.custom\">\n\t\t\t\t<div class=\"elementor-widget-container\">\n\t\t\t\n<!-- service-page-section -->\n<section class=\"service-page-section\">\n\t<div class=\"auto-container\">\n\t\t<div class=\"row clearfix\">\n\t\t\t\n\t\t\t<div class=\"col-lg-4 col-md-6 col-sm-12 service-block\">\n\t\t\t\t<div class=\"service-block-one wow fadeInUp animated animated\" data-wow-delay=\"00ms\"\n\t\t\t\t\tdata-wow-duration=\"1500ms\">\n\t\t\t\t\t<div class=\"inner-box\">\n\t\t\t\t\t\t<div class=\"image-box\">\n\t\t\t\t\t\t\t<figure class=\"image\"><a href=\"https:\/\/sites.aopc.com\/recover\/physiotherapy\/\"><img\n\t\t\t\t\t\t\t\t\t\tsrc=\"https:\/\/sites.aopc.com\/recover\/wp-content\/uploads\/2022\/05\/pexels-danik-prihodko-8219056-scaled-1.jpg\" loading=\"lazy\" alt=\"team image\"><\/a> <\/figure>\n\t\t\t\t\t\t\t<div class=\"icon-box\">\n\t\t\t\t\t\t\t\t<i aria-hidden=\"true\" class=\" flaticon-physical\"><\/i>\t\t\t\t\t\t\t<\/div>\n\t\t\t\t\t\t<\/div>\n\t\t\t\t\t\t<div class=\"lower-content\">\n\t\t\t\t\t\t\t<h4><a href=\"https:\/\/sites.aopc.com\/recover\/physiotherapy\/\">Physiotherapie<\/a><\/h4>\n\t\t\t\t\t\t\t<p>Bei akuten Beschwerden erm\u00f6glichen wir auch kurzfristige Termine<\/p>\n\t\t\t\t\t\t\t<div class=\"link\"><a href=\"https:\/\/sites.aopc.com\/recover\/physiotherapy\/\"><i\n\t\t\t\t\t\t\t\t\t\tclass=\"fas fa-chevron-circle-right\"><\/i>Mehr<\/a>\n\t\t\t\t\t\t\t<\/div>\n\t\t\t\t\t\t<\/div>\n\t\t\t\t\t<\/div>\n\t\t\t\t<\/div>\n\t\t\t<\/div>\n\t\t\t\t\n\t\t\t<div class=\"col-lg-4 col-md-6 col-sm-12 service-block\">\n\t\t\t\t<div class=\"service-block-one wow fadeInUp animated animated\" data-wow-delay=\"00ms\"\n\t\t\t\t\tdata-wow-duration=\"1500ms\">\n\t\t\t\t\t<div class=\"inner-box\">\n\t\t\t\t\t\t<div class=\"image-box\">\n\t\t\t\t\t\t\t<figure class=\"image\"><a href=\"https:\/\/sites.aopc.com\/recover\/massage-therapy\/\"><img\n\t\t\t\t\t\t\t\t\t\tsrc=\"https:\/\/sites.aopc.com\/recover\/wp-content\/uploads\/2022\/05\/pexels-koolshooters-6628602-scaled-1.jpg\" loading=\"lazy\" alt=\"team image\"><\/a> <\/figure>\n\t\t\t\t\t\t\t<div class=\"icon-box\">\n\t\t\t\t\t\t\t\t<i aria-hidden=\"true\" class=\" flaticon-massage\"><\/i>\t\t\t\t\t\t\t<\/div>\n\t\t\t\t\t\t<\/div>\n\t\t\t\t\t\t<div class=\"lower-content\">\n\t\t\t\t\t\t\t<h4><a href=\"https:\/\/sites.aopc.com\/recover\/massage-therapy\/\">Massagetherapie<\/a><\/h4>\n\t\t\t\t\t\t\t<p>Verspannungen l\u00f6sen und die Durchblutung anregen<\/p>\n\t\t\t\t\t\t\t<div class=\"link\"><a href=\"https:\/\/sites.aopc.com\/recover\/massage-therapy\/\"><i\n\t\t\t\t\t\t\t\t\t\tclass=\"fas fa-chevron-circle-right\"><\/i>Mehr<\/a>\n\t\t\t\t\t\t\t<\/div>\n\t\t\t\t\t\t<\/div>\n\t\t\t\t\t<\/div>\n\t\t\t\t<\/div>\n\t\t\t<\/div>\n\t\t\t\t\n\t\t\t<div class=\"col-lg-4 col-md-6 col-sm-12 service-block\">\n\t\t\t\t<div class=\"service-block-one wow fadeInUp animated animated\" data-wow-delay=\"00ms\"\n\t\t\t\t\tdata-wow-duration=\"1500ms\">\n\t\t\t\t\t<div class=\"inner-box\">\n\t\t\t\t\t\t<div class=\"image-box\">\n\t\t\t\t\t\t\t<figure class=\"image\"><a href=\"https:\/\/sites.aopc.com\/recover\/sport-injuries\/\"><img\n\t\t\t\t\t\t\t\t\t\tsrc=\"https:\/\/sites.aopc.com\/recover\/wp-content\/uploads\/2022\/05\/pexels-andrea-piacquadio-3752836-scaled-1.jpg\" loading=\"lazy\" alt=\"team image\"><\/a> <\/figure>\n\t\t\t\t\t\t\t<div class=\"icon-box\">\n\t\t\t\t\t\t\t\t<i aria-hidden=\"true\" class=\" flaticon-broken-bone\"><\/i>\t\t\t\t\t\t\t<\/div>\n\t\t\t\t\t\t<\/div>\n\t\t\t\t\t\t<div class=\"lower-content\">\n\t\t\t\t\t\t\t<h4><a href=\"https:\/\/sites.aopc.com\/recover\/sport-injuries\/\">Sportverletzungen<\/a><\/h4>\n\t\t\t\t\t\t\t<p>Spezielles Verst\u00e4ndnis f\u00fcr die Behandlung von Sportverletzungen<\/p>\n\t\t\t\t\t\t\t<div class=\"link\"><a href=\"https:\/\/sites.aopc.com\/recover\/sport-injuries\/\"><i\n\t\t\t\t\t\t\t\t\t\tclass=\"fas fa-chevron-circle-right\"><\/i>Mehr<\/a>\n\t\t\t\t\t\t\t<\/div>\n\t\t\t\t\t\t<\/div>\n\t\t\t\t\t<\/div>\n\t\t\t\t<\/div>\n\t\t\t<\/div>\n\t\t\t\t\n\t\t\t<div class=\"col-lg-4 col-md-6 col-sm-12 service-block\">\n\t\t\t\t<div class=\"service-block-one wow fadeInUp animated animated\" data-wow-delay=\"00ms\"\n\t\t\t\t\tdata-wow-duration=\"1500ms\">\n\t\t\t\t\t<div class=\"inner-box\">\n\t\t\t\t\t\t<div class=\"image-box\">\n\t\t\t\t\t\t\t<figure class=\"image\"><a href=\"https:\/\/sites.aopc.com\/recover\/chiroptratic-therapy\/\"><img\n\t\t\t\t\t\t\t\t\t\tsrc=\"https:\/\/sites.aopc.com\/recover\/wp-content\/uploads\/2022\/05\/pexels-ryutaro-tsukata-5473-1.jpg\" loading=\"lazy\" alt=\"team image\"><\/a> <\/figure>\n\t\t\t\t\t\t\t<div class=\"icon-box\">\n\t\t\t\t\t\t\t\t<i aria-hidden=\"true\" class=\" flaticon-chiropractic\"><\/i>\t\t\t\t\t\t\t<\/div>\n\t\t\t\t\t\t<\/div>\n\t\t\t\t\t\t<div class=\"lower-content\">\n\t\t\t\t\t\t\t<h4><a href=\"https:\/\/sites.aopc.com\/recover\/chiroptratic-therapy\/\">Chiropraktische Therapie<\/a><\/h4>\n\t\t\t\t\t\t\t<p>Vollst\u00e4ndige Wiederherstellung von Leistungsf\u00e4higkeit und Lebensfreude<\/p>\n\t\t\t\t\t\t\t<div class=\"link\"><a href=\"https:\/\/sites.aopc.com\/recover\/chiroptratic-therapy\/\"><i\n\t\t\t\t\t\t\t\t\t\tclass=\"fas fa-chevron-circle-right\"><\/i>Mehr<\/a>\n\t\t\t\t\t\t\t<\/div>\n\t\t\t\t\t\t<\/div>\n\t\t\t\t\t<\/div>\n\t\t\t\t<\/div>\n\t\t\t<\/div>\n\t\t\t\t\n\t\t\t<div class=\"col-lg-4 col-md-6 col-sm-12 service-block\">\n\t\t\t\t<div class=\"service-block-one wow fadeInUp animated animated\" data-wow-delay=\"00ms\"\n\t\t\t\t\tdata-wow-duration=\"1500ms\">\n\t\t\t\t\t<div class=\"inner-box\">\n\t\t\t\t\t\t<div class=\"image-box\">\n\t\t\t\t\t\t\t<figure class=\"image\"><a href=\"https:\/\/sites.aopc.com\/recover\/work-injusries\/\"><img\n\t\t\t\t\t\t\t\t\t\tsrc=\"https:\/\/sites.aopc.com\/recover\/wp-content\/uploads\/2022\/05\/pexels-burst-374101-scaled-1.jpg\" loading=\"lazy\" alt=\"team image\"><\/a> <\/figure>\n\t\t\t\t\t\t\t<div class=\"icon-box\">\n\t\t\t\t\t\t\t\t<i aria-hidden=\"true\" class=\" flaticon-physiotherapy\"><\/i>\t\t\t\t\t\t\t<\/div>\n\t\t\t\t\t\t<\/div>\n\t\t\t\t\t\t<div class=\"lower-content\">\n\t\t\t\t\t\t\t<h4><a href=\"https:\/\/sites.aopc.com\/recover\/work-injusries\/\">Arbeitsunf\u00e4lle<\/a><\/h4>\n\t\t\t\t\t\t\t<p>Rehabilitation nach Arbeitsunf\u00e4llen und Erkrankungen<\/p>\n\t\t\t\t\t\t\t<div class=\"link\"><a href=\"https:\/\/sites.aopc.com\/recover\/work-injusries\/\"><i\n\t\t\t\t\t\t\t\t\t\tclass=\"fas fa-chevron-circle-right\"><\/i>Mehr<\/a>\n\t\t\t\t\t\t\t<\/div>\n\t\t\t\t\t\t<\/div>\n\t\t\t\t\t<\/div>\n\t\t\t\t<\/div>\n\t\t\t<\/div>\n\t\t\t\t\n\t\t\t<div class=\"col-lg-4 col-md-6 col-sm-12 service-block\">\n\t\t\t\t<div class=\"service-block-one wow fadeInUp animated animated\" data-wow-delay=\"00ms\"\n\t\t\t\t\tdata-wow-duration=\"1500ms\">\n\t\t\t\t\t<div class=\"inner-box\">\n\t\t\t\t\t\t<div class=\"image-box\">\n\t\t\t\t\t\t\t<figure class=\"image\"><a href=\"https:\/\/sites.aopc.com\/recover\/clinical-pilates\/\"><img\n\t\t\t\t\t\t\t\t\t\tsrc=\"https:\/\/sites.aopc.com\/recover\/wp-content\/uploads\/2022\/05\/pexels-matthias-zomer-339620.jpg\" loading=\"lazy\" alt=\"team image\"><\/a> <\/figure>\n\t\t\t\t\t\t\t<div class=\"icon-box\">\n\t\t\t\t\t\t\t\t<i aria-hidden=\"true\" class=\" flaticon-patient\"><\/i>\t\t\t\t\t\t\t<\/div>\n\t\t\t\t\t\t<\/div>\n\t\t\t\t\t\t<div class=\"lower-content\">\n\t\t\t\t\t\t\t<h4><a href=\"https:\/\/sites.aopc.com\/recover\/clinical-pilates\/\">Klinisches Pilatestraining<\/a><\/h4>\n\t\t\t\t\t\t\t<p>Das klinische Pilatestraining eignet sich hervorragend f\u00fcr die Rehabilitation und zur Vorbeugung<\/p>\n\t\t\t\t\t\t\t<div class=\"link\"><a href=\"https:\/\/sites.aopc.com\/recover\/clinical-pilates\/\"><i\n\t\t\t\t\t\t\t\t\t\tclass=\"fas fa-chevron-circle-right\"><\/i>Mehr<\/a>\n\t\t\t\t\t\t\t<\/div>\n\t\t\t\t\t\t<\/div>\n\t\t\t\t\t<\/div>\n\t\t\t\t<\/div>\n\t\t\t<\/div>\n\t\t\t\t\n\t\t<\/div>\n\t<\/div>\n<\/section>\n<!-- service-page-section end -->\n\t\t\t\t<\/div>\n\t\t\t\t<\/div>\n\t\t\t\t\t<\/div>\n\t\t<\/div>\n\t\t\t\t\t\t\t<\/div>\n\t\t<\/section>\n\t\t\t\t\t\t\t<\/div>\n\t\t","protected":false},"excerpt":{"rendered":"<p>Physiotherapie Bei akuten Beschwerden erm\u00f6glichen wir auch kurzfristige Termine Mehr Massagetherapie Verspannungen l\u00f6sen und die Durchblutung anregen Mehr Sportverletzungen Spezielles Verst\u00e4ndnis f\u00fcr die Behandlung von Sportverletzungen Mehr Chiropraktische Therapie Vollst\u00e4ndige Wiederherstellung von Leistungsf\u00e4higkeit und Lebensfreude Mehr Arbeitsunf\u00e4lle Rehabilitation nach Arbeitsunf\u00e4llen und Erkrankungen Mehr Klinisches Pilatestraining Das klinische Pilatestraining eignet sich hervorragend f\u00fcr die Rehabilitation und [&hellip;]<\/p>\n","protected":false},"author":1,"featured_media":293,"parent":0,"menu_order":0,"comment_status":"closed","ping_status":"closed","template":"elementor_header_footer","meta":{"footnotes":""},"class_list":["post-233","page","type-page","status-publish","has-post-thumbnail","hentry"],"_links":{"self":[{"href":"https:\/\/sites.aopc.com\/recover\/wp-json\/wp\/v2\/pages\/233","targetHints":{"allow":["GET"]}}],"collection":[{"href":"https:\/\/sites.aopc.com\/recover\/wp-json\/wp\/v2\/pages"}],"about":[{"href":"https:\/\/sites.aopc.com\/recover\/wp-json\/wp\/v2\/types\/page"}],"author":[{"embeddable":true,"href":"https:\/\/sites.aopc.com\/recover\/wp-json\/wp\/v2\/users\/1"}],"replies":[{"embeddable":true,"href":"https:\/\/sites.aopc.com\/recover\/wp-json\/wp\/v2\/comments?post=233"}],"version-history":[{"count":57,"href":"https:\/\/sites.aopc.com\/recover\/wp-json\/wp\/v2\/pages\/233\/revisions"}],"predecessor-version":[{"id":1448,"href":"https:\/\/sites.aopc.com\/recover\/wp-json\/wp\/v2\/pages\/233\/revisions\/1448"}],"wp:featuredmedia":[{"embeddable":true,"href":"https:\/\/sites.aopc.com\/recover\/wp-json\/wp\/v2\/media\/293"}],"wp:attachment":[{"href":"https:\/\/sites.aopc.com\/recover\/wp-json\/wp\/v2\/media?parent=233"}],"curies":[{"name":"wp","href":"https:\/\/api.w.org\/{rel}","templated":true}]}}