{"id":1586,"date":"2022-05-31T12:17:43","date_gmt":"2022-05-31T10:17:43","guid":{"rendered":"https:\/\/sites.aopc.com\/recover\/?page_id=1586"},"modified":"2022-05-31T15:00:03","modified_gmt":"2022-05-31T13:00:03","slug":"unser-team","status":"publish","type":"page","link":"https:\/\/sites.aopc.com\/recover\/unser-team\/","title":{"rendered":"Unser Team"},"content":{"rendered":"\t\t<div data-elementor-type=\"wp-page\" data-elementor-id=\"1586\" class=\"elementor elementor-1586\">\n\t\t\t\t\t\t\t\t\t<section class=\"elementor-section elementor-top-section elementor-element elementor-element-b0f873a elementor-section-full_width elementor-section-height-default elementor-section-height-default\" data-id=\"b0f873a\" data-element_type=\"section\">\n\t\t\t\t\t\t<div class=\"elementor-container elementor-column-gap-no\">\n\t\t\t\t\t<div class=\"elementor-column elementor-col-100 elementor-top-column elementor-element elementor-element-bd78ade\" data-id=\"bd78ade\" data-element_type=\"column\">\n\t\t\t<div class=\"elementor-widget-wrap elementor-element-populated\">\n\t\t\t\t\t\t\t\t<div class=\"elementor-element elementor-element-5aac16a elementor-widget elementor-widget-resox_team_slider\" data-id=\"5aac16a\" data-element_type=\"widget\" data-widget_type=\"resox_team_slider.default\">\n\t\t\t\t<div class=\"elementor-widget-container\">\n\t\t\t \n\t\t<section class=\"team-section sec-pad\">\n            <div class=\"auto-container\">\n                <div class=\"four-item-carousel owl-carousel owl-theme owl-dots-none owl-nav-none\">\n\t\t\t\t                    <div class=\"team-block-one\">\n\t\t\t\t\t\t<div class=\"inner-box\">\n\t\t\t\t\t\t\t<figure class=\"image-box\">\n\t\t\t\t\t\t\t\t<img decoding=\"async\" width=\"1600\" height=\"1000\" src=\"https:\/\/sites.aopc.com\/recover\/wp-content\/uploads\/2022\/05\/pexels-italo-melo-2379004.jpg\" class=\"attachment-full size-full wp-image-1043\" alt=\"\" srcset=\"https:\/\/sites.aopc.com\/recover\/wp-content\/uploads\/2022\/05\/pexels-italo-melo-2379004.jpg 1600w, https:\/\/sites.aopc.com\/recover\/wp-content\/uploads\/2022\/05\/pexels-italo-melo-2379004-300x188.jpg 300w, https:\/\/sites.aopc.com\/recover\/wp-content\/uploads\/2022\/05\/pexels-italo-melo-2379004-1024x640.jpg 1024w, https:\/\/sites.aopc.com\/recover\/wp-content\/uploads\/2022\/05\/pexels-italo-melo-2379004-768x480.jpg 768w, https:\/\/sites.aopc.com\/recover\/wp-content\/uploads\/2022\/05\/pexels-italo-melo-2379004-1536x960.jpg 1536w\" sizes=\"(max-width: 1600px) 100vw, 1600px\" \/>\t\t\t\t\t\t\t\t<ul class=\"social-links clearfix\">\n\t\t\t\t\t\t\t\t\t<li><a href=\"#\"><i class=\"fab fa-twitter\"><\/i><\/a><\/li>\n                                    <li><a href=\"#\"><i class=\"fab fa-facebook-square\"><\/i><\/a><\/li>\n                                    <li><a href=\"#\"><i class=\"fab fa-instagram\"><\/i><\/a><\/li>\n                                    <li><a href=\"#\"><i class=\"fab fa-pinterest-p\"><\/i><\/a><\/li>\t\t\t\t\t\t\t\t<\/ul>\n\t\t\t\t\t\t\t<\/figure>\n\t\t\t\t\t\t\t<div class=\"lower-content\">\n\t\t\t\t\t\t\t\t<h5><a href=\"https:\/\/sites.aopc.com\/recover\/therapists-details\/\">R. DuMesnil<\/a><\/h5>\n\t\t\t\t\t\t\t\t<span class=\"designation\">Massagetherapie, generalisierte Schmerzsyndrome<\/span>\n\t\t\t\t\t\t\t<\/div>\n\t\t\t\t\t\t<\/div>\n\t\t\t\t\t<\/div>\n\t\t\t\t\t                    <div class=\"team-block-one\">\n\t\t\t\t\t\t<div class=\"inner-box\">\n\t\t\t\t\t\t\t<figure class=\"image-box\">\n\t\t\t\t\t\t\t\t<img decoding=\"async\" width=\"1600\" height=\"1000\" src=\"https:\/\/sites.aopc.com\/recover\/wp-content\/uploads\/2022\/05\/pexels-andrea-piacquadio-948873.jpg\" class=\"attachment-full size-full wp-image-1041\" alt=\"\" srcset=\"https:\/\/sites.aopc.com\/recover\/wp-content\/uploads\/2022\/05\/pexels-andrea-piacquadio-948873.jpg 1600w, https:\/\/sites.aopc.com\/recover\/wp-content\/uploads\/2022\/05\/pexels-andrea-piacquadio-948873-300x188.jpg 300w, https:\/\/sites.aopc.com\/recover\/wp-content\/uploads\/2022\/05\/pexels-andrea-piacquadio-948873-1024x640.jpg 1024w, https:\/\/sites.aopc.com\/recover\/wp-content\/uploads\/2022\/05\/pexels-andrea-piacquadio-948873-768x480.jpg 768w, https:\/\/sites.aopc.com\/recover\/wp-content\/uploads\/2022\/05\/pexels-andrea-piacquadio-948873-1536x960.jpg 1536w\" sizes=\"(max-width: 1600px) 100vw, 1600px\" \/>\t\t\t\t\t\t\t\t<ul class=\"social-links clearfix\">\n\t\t\t\t\t\t\t\t\t<li><a href=\"#\"><i class=\"fab fa-twitter\"><\/i><\/a><\/li>\n                                    <li><a href=\"#\"><i class=\"fab fa-facebook-square\"><\/i><\/a><\/li>\n                                    <li><a href=\"#\"><i class=\"fab fa-instagram\"><\/i><\/a><\/li>\n                                    <li><a href=\"#\"><i class=\"fab fa-pinterest-p\"><\/i><\/a><\/li>\t\t\t\t\t\t\t\t<\/ul>\n\t\t\t\t\t\t\t<\/figure>\n\t\t\t\t\t\t\t<div class=\"lower-content\">\n\t\t\t\t\t\t\t\t<h5><a href=\"https:\/\/sites.aopc.com\/recover\/l-dumesnil\/\">L. DuMesnil<\/a><\/h5>\n\t\t\t\t\t\t\t\t<span class=\"designation\">Kiefergelenksbehandlung, Krankengymnastik<\/span>\n\t\t\t\t\t\t\t<\/div>\n\t\t\t\t\t\t<\/div>\n\t\t\t\t\t<\/div>\n\t\t\t\t\t                    <div class=\"team-block-one\">\n\t\t\t\t\t\t<div class=\"inner-box\">\n\t\t\t\t\t\t\t<figure class=\"image-box\">\n\t\t\t\t\t\t\t\t<img decoding=\"async\" width=\"1600\" height=\"1000\" src=\"https:\/\/sites.aopc.com\/recover\/wp-content\/uploads\/2022\/05\/pexels-cottonbro-4065181.jpg\" class=\"attachment-full size-full wp-image-1040\" alt=\"\" srcset=\"https:\/\/sites.aopc.com\/recover\/wp-content\/uploads\/2022\/05\/pexels-cottonbro-4065181.jpg 1600w, https:\/\/sites.aopc.com\/recover\/wp-content\/uploads\/2022\/05\/pexels-cottonbro-4065181-300x188.jpg 300w, https:\/\/sites.aopc.com\/recover\/wp-content\/uploads\/2022\/05\/pexels-cottonbro-4065181-1024x640.jpg 1024w, https:\/\/sites.aopc.com\/recover\/wp-content\/uploads\/2022\/05\/pexels-cottonbro-4065181-768x480.jpg 768w, https:\/\/sites.aopc.com\/recover\/wp-content\/uploads\/2022\/05\/pexels-cottonbro-4065181-1536x960.jpg 1536w\" sizes=\"(max-width: 1600px) 100vw, 1600px\" \/>\t\t\t\t\t\t\t\t<ul class=\"social-links clearfix\">\n\t\t\t\t\t\t\t\t\t<li><a href=\"#\"><i class=\"fab fa-twitter\"><\/i><\/a><\/li>\n                                    <li><a href=\"#\"><i class=\"fab fa-facebook-square\"><\/i><\/a><\/li>\n                                    <li><a href=\"#\"><i class=\"fab fa-instagram\"><\/i><\/a><\/li>\n                                    <li><a href=\"#\"><i class=\"fab fa-pinterest-p\"><\/i><\/a><\/li>\t\t\t\t\t\t\t\t<\/ul>\n\t\t\t\t\t\t\t<\/figure>\n\t\t\t\t\t\t\t<div class=\"lower-content\">\n\t\t\t\t\t\t\t\t<h5><a href=\"https:\/\/sites.aopc.com\/recover\/s-lienhardt\/\">S. Lienhardt<\/a><\/h5>\n\t\t\t\t\t\t\t\t<span class=\"designation\">Kinesio-Taping, Myofasziale Schmerzsyndrome<\/span>\n\t\t\t\t\t\t\t<\/div>\n\t\t\t\t\t\t<\/div>\n\t\t\t\t\t<\/div>\n\t\t\t\t\t                    <div class=\"team-block-one\">\n\t\t\t\t\t\t<div class=\"inner-box\">\n\t\t\t\t\t\t\t<figure class=\"image-box\">\n\t\t\t\t\t\t\t\t<img decoding=\"async\" width=\"1600\" height=\"1000\" src=\"https:\/\/sites.aopc.com\/recover\/wp-content\/uploads\/2022\/05\/pexels-fauxels-3184611.jpg\" class=\"attachment-full size-full wp-image-1042\" alt=\"\" srcset=\"https:\/\/sites.aopc.com\/recover\/wp-content\/uploads\/2022\/05\/pexels-fauxels-3184611.jpg 1600w, https:\/\/sites.aopc.com\/recover\/wp-content\/uploads\/2022\/05\/pexels-fauxels-3184611-300x188.jpg 300w, https:\/\/sites.aopc.com\/recover\/wp-content\/uploads\/2022\/05\/pexels-fauxels-3184611-1024x640.jpg 1024w, https:\/\/sites.aopc.com\/recover\/wp-content\/uploads\/2022\/05\/pexels-fauxels-3184611-768x480.jpg 768w, https:\/\/sites.aopc.com\/recover\/wp-content\/uploads\/2022\/05\/pexels-fauxels-3184611-1536x960.jpg 1536w\" sizes=\"(max-width: 1600px) 100vw, 1600px\" \/>\t\t\t\t\t\t\t\t<ul class=\"social-links clearfix\">\n\t\t\t\t\t\t\t\t\t<li><a href=\"#\"><i class=\"fab fa-twitter\"><\/i><\/a><\/li>\n                                    <li><a href=\"#\"><i class=\"fab fa-facebook-square\"><\/i><\/a><\/li>\n                                    <li><a href=\"#\"><i class=\"fab fa-instagram\"><\/i><\/a><\/li>\n                                    <li><a href=\"#\"><i class=\"fab fa-pinterest-p\"><\/i><\/a><\/li>\t\t\t\t\t\t\t\t<\/ul>\n\t\t\t\t\t\t\t<\/figure>\n\t\t\t\t\t\t\t<div class=\"lower-content\">\n\t\t\t\t\t\t\t\t<h5><a href=\"https:\/\/sites.aopc.com\/recover\/j-hanson\/\">J. Hanson<\/a><\/h5>\n\t\t\t\t\t\t\t\t<span class=\"designation\">Osteopathie, medizischen Trainingstherapie<\/span>\n\t\t\t\t\t\t\t<\/div>\n\t\t\t\t\t\t<\/div>\n\t\t\t\t\t<\/div>\n\t\t\t\t\t                    <div class=\"team-block-one\">\n\t\t\t\t\t\t<div class=\"inner-box\">\n\t\t\t\t\t\t\t<figure class=\"image-box\">\n\t\t\t\t\t\t\t\t<img decoding=\"async\" width=\"1600\" height=\"1000\" src=\"https:\/\/sites.aopc.com\/recover\/wp-content\/uploads\/2022\/05\/pexels-cedric-fauntleroy-42-1.jpg\" class=\"attachment-full size-full wp-image-1046\" alt=\"\" srcset=\"https:\/\/sites.aopc.com\/recover\/wp-content\/uploads\/2022\/05\/pexels-cedric-fauntleroy-42-1.jpg 1600w, https:\/\/sites.aopc.com\/recover\/wp-content\/uploads\/2022\/05\/pexels-cedric-fauntleroy-42-1-300x188.jpg 300w, https:\/\/sites.aopc.com\/recover\/wp-content\/uploads\/2022\/05\/pexels-cedric-fauntleroy-42-1-1024x640.jpg 1024w, https:\/\/sites.aopc.com\/recover\/wp-content\/uploads\/2022\/05\/pexels-cedric-fauntleroy-42-1-768x480.jpg 768w, https:\/\/sites.aopc.com\/recover\/wp-content\/uploads\/2022\/05\/pexels-cedric-fauntleroy-42-1-1536x960.jpg 1536w\" sizes=\"(max-width: 1600px) 100vw, 1600px\" \/>\t\t\t\t\t\t\t\t<ul class=\"social-links clearfix\">\n\t\t\t\t\t\t\t\t\t<li><a href=\"#\"><i class=\"fab fa-twitter\"><\/i><\/a><\/li>\n                                    <li><a href=\"#\"><i class=\"fab fa-facebook-square\"><\/i><\/a><\/li>\n                                    <li><a href=\"#\"><i class=\"fab fa-instagram\"><\/i><\/a><\/li>\n                                    <li><a href=\"#\"><i class=\"fab fa-pinterest-p\"><\/i><\/a><\/li>\t\t\t\t\t\t\t\t<\/ul>\n\t\t\t\t\t\t\t<\/figure>\n\t\t\t\t\t\t\t<div class=\"lower-content\">\n\t\t\t\t\t\t\t\t<h5><a href=\"https:\/\/sites.aopc.com\/recover\/t-uzun\/\">T. Uzun<\/a><\/h5>\n\t\t\t\t\t\t\t\t<span class=\"designation\">Kiefergelenksbehandlung, manuelle Therapie<\/span>\n\t\t\t\t\t\t\t<\/div>\n\t\t\t\t\t\t<\/div>\n\t\t\t\t\t<\/div>\n\t\t\t\t\t                    <div class=\"team-block-one\">\n\t\t\t\t\t\t<div class=\"inner-box\">\n\t\t\t\t\t\t\t<figure class=\"image-box\">\n\t\t\t\t\t\t\t\t<img decoding=\"async\" width=\"1600\" height=\"1000\" src=\"https:\/\/sites.aopc.com\/recover\/wp-content\/uploads\/2022\/05\/pexels-michael-wysmierski-6-1.jpg\" class=\"attachment-full size-full wp-image-1044\" alt=\"\" srcset=\"https:\/\/sites.aopc.com\/recover\/wp-content\/uploads\/2022\/05\/pexels-michael-wysmierski-6-1.jpg 1600w, https:\/\/sites.aopc.com\/recover\/wp-content\/uploads\/2022\/05\/pexels-michael-wysmierski-6-1-300x188.jpg 300w, https:\/\/sites.aopc.com\/recover\/wp-content\/uploads\/2022\/05\/pexels-michael-wysmierski-6-1-1024x640.jpg 1024w, https:\/\/sites.aopc.com\/recover\/wp-content\/uploads\/2022\/05\/pexels-michael-wysmierski-6-1-768x480.jpg 768w, https:\/\/sites.aopc.com\/recover\/wp-content\/uploads\/2022\/05\/pexels-michael-wysmierski-6-1-1536x960.jpg 1536w\" sizes=\"(max-width: 1600px) 100vw, 1600px\" \/>\t\t\t\t\t\t\t\t<ul class=\"social-links clearfix\">\n\t\t\t\t\t\t\t\t\t<li><a href=\"#\"><i class=\"fab fa-twitter\"><\/i><\/a><\/li>\n                                    <li><a href=\"#\"><i class=\"fab fa-facebook-square\"><\/i><\/a><\/li>\n                                    <li><a href=\"#\"><i class=\"fab fa-instagram\"><\/i><\/a><\/li>\n                                    <li><a href=\"#\"><i class=\"fab fa-pinterest-p\"><\/i><\/a><\/li>\t\t\t\t\t\t\t\t<\/ul>\n\t\t\t\t\t\t\t<\/figure>\n\t\t\t\t\t\t\t<div class=\"lower-content\">\n\t\t\t\t\t\t\t\t<h5><a href=\"https:\/\/sites.aopc.com\/recover\/m-wagner\/\">M. Wagner<\/a><\/h5>\n\t\t\t\t\t\t\t\t<span class=\"designation\">Office Management und Terminvergabe<\/span>\n\t\t\t\t\t\t\t<\/div>\n\t\t\t\t\t\t<\/div>\n\t\t\t\t\t<\/div>\n\t\t\t\t\t                    <div class=\"team-block-one\">\n\t\t\t\t\t\t<div class=\"inner-box\">\n\t\t\t\t\t\t\t<figure class=\"image-box\">\n\t\t\t\t\t\t\t\t<img decoding=\"async\" width=\"1600\" height=\"1000\" src=\"https:\/\/sites.aopc.com\/recover\/wp-content\/uploads\/2022\/05\/pexels-christina-morillo-11-1.jpg\" class=\"attachment-full size-full wp-image-1045\" alt=\"\" srcset=\"https:\/\/sites.aopc.com\/recover\/wp-content\/uploads\/2022\/05\/pexels-christina-morillo-11-1.jpg 1600w, https:\/\/sites.aopc.com\/recover\/wp-content\/uploads\/2022\/05\/pexels-christina-morillo-11-1-300x188.jpg 300w, https:\/\/sites.aopc.com\/recover\/wp-content\/uploads\/2022\/05\/pexels-christina-morillo-11-1-1024x640.jpg 1024w, https:\/\/sites.aopc.com\/recover\/wp-content\/uploads\/2022\/05\/pexels-christina-morillo-11-1-768x480.jpg 768w, https:\/\/sites.aopc.com\/recover\/wp-content\/uploads\/2022\/05\/pexels-christina-morillo-11-1-1536x960.jpg 1536w\" sizes=\"(max-width: 1600px) 100vw, 1600px\" \/>\t\t\t\t\t\t\t\t<ul class=\"social-links clearfix\">\n\t\t\t\t\t\t\t\t\t<li><a href=\"#\"><i class=\"fab fa-twitter\"><\/i><\/a><\/li>\n                                    <li><a href=\"#\"><i class=\"fab fa-facebook-square\"><\/i><\/a><\/li>\n                                    <li><a href=\"#\"><i class=\"fab fa-instagram\"><\/i><\/a><\/li>\n                                    <li><a href=\"#\"><i class=\"fab fa-pinterest-p\"><\/i><\/a><\/li>\t\t\t\t\t\t\t\t<\/ul>\n\t\t\t\t\t\t\t<\/figure>\n\t\t\t\t\t\t\t<div class=\"lower-content\">\n\t\t\t\t\t\t\t\t<h5><a href=\"https:\/\/sites.aopc.com\/recover\/r-cortazar\">R. Cortazar<\/a><\/h5>\n\t\t\t\t\t\t\t\t<span class=\"designation\">Office Management und Terminvergabe<\/span>\n\t\t\t\t\t\t\t<\/div>\n\t\t\t\t\t\t<\/div>\n\t\t\t\t\t<\/div>\n\t\t\t\t\t                    <div class=\"team-block-one\">\n\t\t\t\t\t\t<div class=\"inner-box\">\n\t\t\t\t\t\t\t<figure class=\"image-box\">\n\t\t\t\t\t\t\t\t<img decoding=\"async\" width=\"1600\" height=\"1000\" src=\"https:\/\/sites.aopc.com\/recover\/wp-content\/uploads\/2022\/05\/pexels-mentatdgt-1024311.jpg\" class=\"attachment-full size-full wp-image-1047\" alt=\"\" srcset=\"https:\/\/sites.aopc.com\/recover\/wp-content\/uploads\/2022\/05\/pexels-mentatdgt-1024311.jpg 1600w, https:\/\/sites.aopc.com\/recover\/wp-content\/uploads\/2022\/05\/pexels-mentatdgt-1024311-300x188.jpg 300w, https:\/\/sites.aopc.com\/recover\/wp-content\/uploads\/2022\/05\/pexels-mentatdgt-1024311-1024x640.jpg 1024w, https:\/\/sites.aopc.com\/recover\/wp-content\/uploads\/2022\/05\/pexels-mentatdgt-1024311-768x480.jpg 768w, https:\/\/sites.aopc.com\/recover\/wp-content\/uploads\/2022\/05\/pexels-mentatdgt-1024311-1536x960.jpg 1536w\" sizes=\"(max-width: 1600px) 100vw, 1600px\" \/>\t\t\t\t\t\t\t\t<ul class=\"social-links clearfix\">\n\t\t\t\t\t\t\t\t\t<li><a href=\"#\"><i class=\"fab fa-twitter\"><\/i><\/a><\/li>\n                                    <li><a href=\"#\"><i class=\"fab fa-facebook-square\"><\/i><\/a><\/li>\n                                    <li><a href=\"#\"><i class=\"fab fa-instagram\"><\/i><\/a><\/li>\n                                    <li><a href=\"#\"><i class=\"fab fa-pinterest-p\"><\/i><\/a><\/li>\t\t\t\t\t\t\t\t<\/ul>\n\t\t\t\t\t\t\t<\/figure>\n\t\t\t\t\t\t\t<div class=\"lower-content\">\n\t\t\t\t\t\t\t\t<h5><a href=\"https:\/\/sites.aopc.com\/recover\/s-mueller\/\">S. M\u00fcller<\/a><\/h5>\n\t\t\t\t\t\t\t\t<span class=\"designation\">Office Management, Abrechnung und Terminvergabe<\/span>\n\t\t\t\t\t\t\t<\/div>\n\t\t\t\t\t\t<\/div>\n\t\t\t\t\t<\/div>\n\t\t\t\t\t\t\t\t\t\t\n                <\/div>\n            <\/div>\n        <\/section>\n\t\t<\/div>\n\t\t\t\t<\/div>\n\t\t\t\t\t<\/div>\n\t\t<\/div>\n\t\t\t\t\t\t\t<\/div>\n\t\t<\/section>\n\t\t\t\t<section class=\"elementor-section elementor-top-section elementor-element elementor-element-f9d26e5 elementor-section-full_width elementor-section-height-default elementor-section-height-default\" data-id=\"f9d26e5\" data-element_type=\"section\">\n\t\t\t\t\t\t<div class=\"elementor-container elementor-column-gap-no\">\n\t\t\t\t\t<div class=\"elementor-column elementor-col-100 elementor-top-column elementor-element elementor-element-8cd88d7\" data-id=\"8cd88d7\" data-element_type=\"column\">\n\t\t\t<div class=\"elementor-widget-wrap elementor-element-populated\">\n\t\t\t\t\t\t\t\t<div class=\"elementor-element elementor-element-7f5b901 elementor-widget elementor-widget-resox_call_to_action\" data-id=\"7f5b901\" data-element_type=\"widget\" data-widget_type=\"resox_call_to_action.default\">\n\t\t\t\t<div class=\"elementor-widget-container\">\n\t\t\t<section class=\"cta-section bg-color-2\">\n\t<div class=\"auto-container\">\n\t\t<div class=\"inner-box clearfix\">\n\t\t\t<div class=\"text pull-left\">\n\t\t\t\t<h2 class=\"typo-title-text\">\n\t\t\t\tW\u00e4hlen Sie die beste Physiotherapie f\u00fcr sich aus\t\t\t<\/h2>\n\t\t\t<\/div>\n\t\t\t<div class=\"btn-box pull-right\">\n\t\t\t\t<a href=\"https:\/\/sites.aopc.com\/recover\/kontakt\/\" target=\"_blank\" rel=\"nofollow\"\t\t\t\t\tclass=\"theme-btn-one\">Nehmen Sie Kontakt mit uns auf.<\/a>\n\t\t\t<\/div>\n\t\t<\/div>\n\t<\/div>\n<\/section>\n\t\t\t\t<\/div>\n\t\t\t\t<\/div>\n\t\t\t\t\t<\/div>\n\t\t<\/div>\n\t\t\t\t\t\t\t<\/div>\n\t\t<\/section>\n\t\t\t\t\t\t\t<\/div>\n\t\t","protected":false},"excerpt":{"rendered":"<p>R. DuMesnil Massagetherapie, generalisierte Schmerzsyndrome L. DuMesnil Kiefergelenksbehandlung, Krankengymnastik S. Lienhardt Kinesio-Taping, Myofasziale Schmerzsyndrome J. Hanson Osteopathie, medizischen Trainingstherapie T. Uzun Kiefergelenksbehandlung, manuelle Therapie M. Wagner Office Management und Terminvergabe R. Cortazar Office Management und Terminvergabe S. M\u00fcller Office Management, Abrechnung und Terminvergabe W\u00e4hlen Sie die beste Physiotherapie f\u00fcr sich aus Nehmen Sie Kontakt mit [&hellip;]<\/p>\n","protected":false},"author":2,"featured_media":293,"parent":0,"menu_order":0,"comment_status":"closed","ping_status":"closed","template":"elementor_header_footer","meta":{"footnotes":""},"class_list":["post-1586","page","type-page","status-publish","has-post-thumbnail","hentry"],"_links":{"self":[{"href":"https:\/\/sites.aopc.com\/recover\/wp-json\/wp\/v2\/pages\/1586","targetHints":{"allow":["GET"]}}],"collection":[{"href":"https:\/\/sites.aopc.com\/recover\/wp-json\/wp\/v2\/pages"}],"about":[{"href":"https:\/\/sites.aopc.com\/recover\/wp-json\/wp\/v2\/types\/page"}],"author":[{"embeddable":true,"href":"https:\/\/sites.aopc.com\/recover\/wp-json\/wp\/v2\/users\/2"}],"replies":[{"embeddable":true,"href":"https:\/\/sites.aopc.com\/recover\/wp-json\/wp\/v2\/comments?post=1586"}],"version-history":[{"count":7,"href":"https:\/\/sites.aopc.com\/recover\/wp-json\/wp\/v2\/pages\/1586\/revisions"}],"predecessor-version":[{"id":1720,"href":"https:\/\/sites.aopc.com\/recover\/wp-json\/wp\/v2\/pages\/1586\/revisions\/1720"}],"wp:featuredmedia":[{"embeddable":true,"href":"https:\/\/sites.aopc.com\/recover\/wp-json\/wp\/v2\/media\/293"}],"wp:attachment":[{"href":"https:\/\/sites.aopc.com\/recover\/wp-json\/wp\/v2\/media?parent=1586"}],"curies":[{"name":"wp","href":"https:\/\/api.w.org\/{rel}","templated":true}]}}